{"id":191210,"date":"2021-01-29T08:11:30","date_gmt":"2021-01-29T08:11:30","guid":{"rendered":"https:\/\/blog.hannaservice.eu\/blogu\/"},"modified":"2022-10-19T07:51:44","modified_gmt":"2022-10-19T07:51:44","slug":"blogu","status":"publish","type":"page","link":"https:\/\/blog.hannaservice.eu\/al\/blogu\/","title":{"rendered":"Blogu"},"content":{"rendered":"\t\t<div data-elementor-type=\"wp-page\" data-elementor-id=\"191210\" class=\"elementor elementor-191210 elementor-133\" data-elementor-post-type=\"page\">\n\t\t\t\t\t\t<section class=\"elementor-section elementor-top-section elementor-element elementor-element-573ca7a elementor-section-boxed elementor-section-height-default elementor-section-height-default\" data-id=\"573ca7a\" data-element_type=\"section\" data-e-type=\"section\">\n\t\t\t\t\t\t<div class=\"elementor-container elementor-column-gap-default\">\n\t\t\t\t\t<div class=\"elementor-column elementor-col-100 elementor-top-column elementor-element elementor-element-7c852ef\" data-id=\"7c852ef\" data-element_type=\"column\" data-e-type=\"column\">\n\t\t\t<div class=\"elementor-widget-wrap elementor-element-populated\">\n\t\t\t\t\t\t<div class=\"elementor-element elementor-element-ebed3b8 elementor-widget elementor-widget-text-editor\" data-id=\"ebed3b8\" data-element_type=\"widget\" data-e-type=\"widget\" data-widget_type=\"text-editor.default\">\n\t\t\t\t\t\t\t\t\t<p style=\"text-align: center;\">Imazhet kryesore<\/p>\n\t\t\t\t\t\t\t\t<\/div>\n\t\t\t\t\t<\/div>\n\t\t<\/div>\n\t\t\t\t\t<\/div>\n\t\t<\/section>\n\t\t\t\t<section class=\"elementor-section elementor-top-section elementor-element elementor-element-41aad9a elementor-section-boxed elementor-section-height-default elementor-section-height-default\" data-id=\"41aad9a\" data-element_type=\"section\" data-e-type=\"section\">\n\t\t\t\t\t\t<div class=\"elementor-container elementor-column-gap-default\">\n\t\t\t\t\t<div class=\"elementor-column elementor-col-100 elementor-top-column elementor-element elementor-element-4ba0cbc\" data-id=\"4ba0cbc\" data-element_type=\"column\" data-e-type=\"column\">\n\t\t\t<div class=\"elementor-widget-wrap elementor-element-populated\">\n\t\t\t\t\t\t<div class=\"elementor-element elementor-element-fa5f6be premium-blog-align-left elementor-widget elementor-widget-premium-addon-blog\" data-id=\"fa5f6be\" data-element_type=\"widget\" data-e-type=\"widget\" data-settings=\"{&quot;premium_blog_grid&quot;:&quot;yes&quot;,&quot;premium_blog_layout&quot;:&quot;even&quot;,&quot;premium_blog_columns_number&quot;:&quot;50%&quot;,&quot;premium_blog_columns_number_tablet&quot;:&quot;50%&quot;,&quot;premium_blog_columns_number_mobile&quot;:&quot;100%&quot;,&quot;scroll_to_offset&quot;:&quot;yes&quot;}\" data-widget_type=\"premium-addon-blog.default\">\n\t\t\t\t\t\r\n\t\t\r\n\r\n\t\t\t\t<div class=\"premium-blog-wrap  premium-blog-even\" data-page=\"191210\" data-pagination=\"true\">\r\n\t\t\t\t\t\t\t\t\t<div class=\"premium-blog-post-outer-container\" data-total=\"46\">\r\n\t\t\t<div class=\"premium-blog-post-container premium-blog-skin-classic\">\r\n\t\t\t\t\t\t\t\t\t<div class=\"premium-blog-thumb-effect-wrapper\">\r\n\t\t\t\t\t\t<div class=\"premium-blog-thumbnail-container premium-blog-zoomin-effect\">\r\n\t\t\t\t\t\t\t<img fetchpriority=\"high\" decoding=\"async\" width=\"1280\" height=\"853\" src=\"https:\/\/blog.hannaservice.eu\/wp-content\/uploads\/2023\/09\/shutterstock_456567826.jpg\" class=\"attachment-full size-full wp-image-215043\" alt=\"\" srcset=\"https:\/\/blog.hannaservice.eu\/wp-content\/uploads\/2023\/09\/shutterstock_456567826.jpg 1280w, https:\/\/blog.hannaservice.eu\/wp-content\/uploads\/2023\/09\/shutterstock_456567826-300x200.jpg 300w, https:\/\/blog.hannaservice.eu\/wp-content\/uploads\/2023\/09\/shutterstock_456567826-600x400.jpg 600w, https:\/\/blog.hannaservice.eu\/wp-content\/uploads\/2023\/09\/shutterstock_456567826-768x512.jpg 768w\" sizes=\"(max-width: 1280px) 100vw, 1280px\" \/>\t\t\t\t\t\t<\/div>\r\n\t\t\t\t\t\t\t\t\t\t\t\t\t<div class=\"premium-blog-thumbnail-overlay\">\r\n\t\t\t\t\t\t\t\t<a class=\"elementor-icon\" href=\"https:\/\/blog.hannaservice.eu\/al\/percjellshmeria-elektrike-e-dheut-karakteristikat-e-dheut-dhe-produktiviteti-i-te-korrave\/\" target=\"_blank\"><\/a>\r\n\t\t\t\t\t\t\t<\/div>\r\n\r\n\t\t\t\t\t\t\t\t\t\t\t\t\t\t\t\t\t\t<\/div>\r\n\t\t\t\t\t\t\t\t\t\t\t\t<div class=\"premium-blog-content-wrapper \">\r\n\r\n\t\t\t\t\t<div class=\"premium-blog-inner-container\">\r\n\r\n\t\t\t\t\t\t\t\t\t\t\t\t\t\t<h2 class=\"premium-blog-entry-title\">\r\n\t\t\t<a href=\"https:\/\/blog.hannaservice.eu\/al\/percjellshmeria-elektrike-e-dheut-karakteristikat-e-dheut-dhe-produktiviteti-i-te-korrave\/\" target=\"_blank\">\r\n\t\t\t\tP\u00ebrcjellshm\u00ebria elektrike e dheut: Karakteristikat e dheut dhe produktiviteti i t\u00eb korrave\t\t\t<\/a>\r\n\t\t<\/h2>\r\n\t\t\t\t<div class=\"premium-blog-entry-meta\">\r\n\t\t\t\t\t\t\t<div class=\"premium-blog-post-author premium-blog-meta-data\">\r\n\t\t\t\t\t<i class=\"fa fa-user fa-fw\" aria-hidden=\"true\"><\/i>\r\n\t\t\t\t\t<a href=\"https:\/\/blog.hannaservice.eu\/al\/author\/officealbania\/\" title=\"Posts by Office Albania\" rel=\"author\">Office Albania<\/a>\t\t\t\t<\/div>\r\n\t\t\t\r\n\t\t\t\r\n\t\t\t\t\t\t\t<span class=\"premium-blog-meta-separator\">\u2022<\/span>\r\n\t\t\t\t<div class=\"premium-blog-post-categories premium-blog-meta-data\">\r\n\t\t\t\t\t<i class=\"fa fa-align-left fa-fw\" aria-hidden=\"true\"><\/i>\r\n\t\t\t\t\t<a href=\"https:\/\/blog.hannaservice.eu\/al\/kategori\/agrikultura\/\" rel=\"category tag\">Agrikultura<\/a>\t\t\t\t<\/div>\r\n\t\t\t\r\n\t\t\t\t\t<\/div>\r\n\t\t\r\n\t\t\t\t\t<\/div>\r\n\r\n\t\t\t\t\t\t\t<div class=\"premium-blog-content-inner-wrapper\">\r\n\t\t<p class=\"premium-blog-post-content\">P\u00ebrcjellshm\u00ebria elektrike (EC) tregon aft\u00ebsin\u00eb e dheut p\u00ebr t\u00eb p\u00ebrcjell\u00eb rrym\u00ebn elektrike dhe zakonisht shprehet [&hellip;]<\/p>\t\t<\/div>\r\n\t\t\t\t\t\t\t\r\n\t\t\t\t<\/div>\r\n\t\t\t<\/div>\r\n\t\t<\/div>\r\n\r\n\t\t\t\t<div class=\"premium-blog-post-outer-container\" data-total=\"46\">\r\n\t\t\t<div class=\"premium-blog-post-container premium-blog-skin-classic\">\r\n\t\t\t\t\t\t\t\t\t<div class=\"premium-blog-thumb-effect-wrapper\">\r\n\t\t\t\t\t\t<div class=\"premium-blog-thumbnail-container premium-blog-zoomin-effect\">\r\n\t\t\t\t\t\t\t<img decoding=\"async\" width=\"2560\" height=\"1707\" src=\"https:\/\/blog.hannaservice.eu\/wp-content\/uploads\/2023\/10\/shutterstock_2156553419-1-min-scaled-e1698399103769.jpg\" class=\"attachment-full size-full wp-image-216066\" alt=\"\" \/>\t\t\t\t\t\t<\/div>\r\n\t\t\t\t\t\t\t\t\t\t\t\t\t<div class=\"premium-blog-thumbnail-overlay\">\r\n\t\t\t\t\t\t\t\t<a class=\"elementor-icon\" href=\"https:\/\/blog.hannaservice.eu\/al\/rendesia-e-alkalinitetit-te-ujit-ne-prodhimin-e-birres\/\" target=\"_blank\"><\/a>\r\n\t\t\t\t\t\t\t<\/div>\r\n\r\n\t\t\t\t\t\t\t\t\t\t\t\t\t\t\t\t\t\t<\/div>\r\n\t\t\t\t\t\t\t\t\t\t\t\t<div class=\"premium-blog-content-wrapper \">\r\n\r\n\t\t\t\t\t<div class=\"premium-blog-inner-container\">\r\n\r\n\t\t\t\t\t\t\t\t\t\t\t\t\t\t<h2 class=\"premium-blog-entry-title\">\r\n\t\t\t<a href=\"https:\/\/blog.hannaservice.eu\/al\/rendesia-e-alkalinitetit-te-ujit-ne-prodhimin-e-birres\/\" target=\"_blank\">\r\n\t\t\t\tR\u00ebnd\u00ebsia e alkalinitetit t\u00eb ujit n\u00eb prodhimin e birr\u00ebs\t\t\t<\/a>\r\n\t\t<\/h2>\r\n\t\t\t\t<div class=\"premium-blog-entry-meta\">\r\n\t\t\t\t\t\t\t<div class=\"premium-blog-post-author premium-blog-meta-data\">\r\n\t\t\t\t\t<i class=\"fa fa-user fa-fw\" aria-hidden=\"true\"><\/i>\r\n\t\t\t\t\t<a href=\"https:\/\/blog.hannaservice.eu\/al\/author\/officealbania\/\" title=\"Posts by Office Albania\" rel=\"author\">Office Albania<\/a>\t\t\t\t<\/div>\r\n\t\t\t\r\n\t\t\t\r\n\t\t\t\t\t\t\t<span class=\"premium-blog-meta-separator\">\u2022<\/span>\r\n\t\t\t\t<div class=\"premium-blog-post-categories premium-blog-meta-data\">\r\n\t\t\t\t\t<i class=\"fa fa-align-left fa-fw\" aria-hidden=\"true\"><\/i>\r\n\t\t\t\t\t<a href=\"https:\/\/blog.hannaservice.eu\/al\/kategori\/pije\/\" rel=\"category tag\">Pije<\/a>\t\t\t\t<\/div>\r\n\t\t\t\r\n\t\t\t\t\t<\/div>\r\n\t\t\r\n\t\t\t\t\t<\/div>\r\n\r\n\t\t\t\t\t\t\t<div class=\"premium-blog-content-inner-wrapper\">\r\n\t\t<p class=\"premium-blog-post-content\">Cil\u00ebsia e ujit luan nj\u00eb rol vendimtar n\u00eb procesin e birr\u00ebs, duke ndikuar n\u00eb aspekte [&hellip;]<\/p>\t\t<\/div>\r\n\t\t\t\t\t\t\t\r\n\t\t\t\t<\/div>\r\n\t\t\t<\/div>\r\n\t\t<\/div>\r\n\r\n\t\t\t\t<div class=\"premium-blog-post-outer-container\" data-total=\"46\">\r\n\t\t\t<div class=\"premium-blog-post-container premium-blog-skin-classic\">\r\n\t\t\t\t\t\t\t\t\t<div class=\"premium-blog-thumb-effect-wrapper\">\r\n\t\t\t\t\t\t<div class=\"premium-blog-thumbnail-container premium-blog-zoomin-effect\">\r\n\t\t\t\t\t\t\t<img decoding=\"async\" width=\"1430\" height=\"530\" src=\"https:\/\/blog.hannaservice.eu\/wp-content\/uploads\/2023\/12\/CROAGRO-2023-1430x530-en.jpg\" class=\"attachment-full size-full wp-image-216367\" alt=\"\" srcset=\"https:\/\/blog.hannaservice.eu\/wp-content\/uploads\/2023\/12\/CROAGRO-2023-1430x530-en.jpg 1430w, https:\/\/blog.hannaservice.eu\/wp-content\/uploads\/2023\/12\/CROAGRO-2023-1430x530-en-300x111.jpg 300w, https:\/\/blog.hannaservice.eu\/wp-content\/uploads\/2023\/12\/CROAGRO-2023-1430x530-en-600x222.jpg 600w, https:\/\/blog.hannaservice.eu\/wp-content\/uploads\/2023\/12\/CROAGRO-2023-1430x530-en-768x285.jpg 768w\" sizes=\"(max-width: 1430px) 100vw, 1430px\" \/>\t\t\t\t\t\t<\/div>\r\n\t\t\t\t\t\t\t\t\t\t\t\t\t<div class=\"premium-blog-thumbnail-overlay\">\r\n\t\t\t\t\t\t\t\t<a class=\"elementor-icon\" href=\"https:\/\/blog.hannaservice.eu\/al\/panairi-croagro-2023\/\" target=\"_blank\"><\/a>\r\n\t\t\t\t\t\t\t<\/div>\r\n\r\n\t\t\t\t\t\t\t\t\t\t\t\t\t\t\t\t\t\t<\/div>\r\n\t\t\t\t\t\t\t\t\t\t\t\t<div class=\"premium-blog-content-wrapper \">\r\n\r\n\t\t\t\t\t<div class=\"premium-blog-inner-container\">\r\n\r\n\t\t\t\t\t\t\t\t\t\t\t\t\t\t<h2 class=\"premium-blog-entry-title\">\r\n\t\t\t<a href=\"https:\/\/blog.hannaservice.eu\/al\/panairi-croagro-2023\/\" target=\"_blank\">\r\n\t\t\t\tPanairi CroAgro 2023\t\t\t<\/a>\r\n\t\t<\/h2>\r\n\t\t\t\t<div class=\"premium-blog-entry-meta\">\r\n\t\t\t\t\t\t\t<div class=\"premium-blog-post-author premium-blog-meta-data\">\r\n\t\t\t\t\t<i class=\"fa fa-user fa-fw\" aria-hidden=\"true\"><\/i>\r\n\t\t\t\t\t<a href=\"https:\/\/blog.hannaservice.eu\/al\/author\/officealbania\/\" title=\"Posts by Office Albania\" rel=\"author\">Office Albania<\/a>\t\t\t\t<\/div>\r\n\t\t\t\r\n\t\t\t\r\n\t\t\t\t\t\t\t<span class=\"premium-blog-meta-separator\">\u2022<\/span>\r\n\t\t\t\t<div class=\"premium-blog-post-categories premium-blog-meta-data\">\r\n\t\t\t\t\t<i class=\"fa fa-align-left fa-fw\" aria-hidden=\"true\"><\/i>\r\n\t\t\t\t\t<a href=\"https:\/\/blog.hannaservice.eu\/al\/kategori\/njoftime\/\" rel=\"category tag\">Njoftime p\u00ebr shtyp<\/a>\t\t\t\t<\/div>\r\n\t\t\t\r\n\t\t\t\t\t<\/div>\r\n\t\t\r\n\t\t\t\t\t<\/div>\r\n\r\n\t\t\t\t\t\t\t<div class=\"premium-blog-content-inner-wrapper\">\r\n\t\t<p class=\"premium-blog-post-content\">Hanna Instruments n\u00eb panairin CroAgro 2023 Nga 30 n\u00ebntori deri ne 3 dhjetor, Panairi i [&hellip;]<\/p>\t\t<\/div>\r\n\t\t\t\t\t\t\t\r\n\t\t\t\t<\/div>\r\n\t\t\t<\/div>\r\n\t\t<\/div>\r\n\r\n\t\t\t\t<div class=\"premium-blog-post-outer-container\" data-total=\"46\">\r\n\t\t\t<div class=\"premium-blog-post-container premium-blog-skin-classic\">\r\n\t\t\t\t\t\t\t\t\t<div class=\"premium-blog-thumb-effect-wrapper\">\r\n\t\t\t\t\t\t<div class=\"premium-blog-thumbnail-container premium-blog-zoomin-effect\">\r\n\t\t\t\t\t\t\t<img loading=\"lazy\" decoding=\"async\" width=\"1920\" height=\"1080\" src=\"https:\/\/blog.hannaservice.eu\/wp-content\/uploads\/2023\/08\/grape-harvest-1.jpg\" class=\"attachment-full size-full wp-image-214371\" alt=\"\" srcset=\"https:\/\/blog.hannaservice.eu\/wp-content\/uploads\/2023\/08\/grape-harvest-1.jpg 1920w, https:\/\/blog.hannaservice.eu\/wp-content\/uploads\/2023\/08\/grape-harvest-1-300x169.jpg 300w, https:\/\/blog.hannaservice.eu\/wp-content\/uploads\/2023\/08\/grape-harvest-1-600x338.jpg 600w, https:\/\/blog.hannaservice.eu\/wp-content\/uploads\/2023\/08\/grape-harvest-1-768x432.jpg 768w, https:\/\/blog.hannaservice.eu\/wp-content\/uploads\/2023\/08\/grape-harvest-1-1536x864.jpg 1536w\" sizes=\"(max-width: 1920px) 100vw, 1920px\" \/>\t\t\t\t\t\t<\/div>\r\n\t\t\t\t\t\t\t\t\t\t\t\t\t<div class=\"premium-blog-thumbnail-overlay\">\r\n\t\t\t\t\t\t\t\t<a class=\"elementor-icon\" href=\"https:\/\/blog.hannaservice.eu\/al\/pergatitja-e-njehsorit-tuaj-te-ph-per-vjeljen-e-rrushit-praktikat-me-te-mira-per-matje-te-sakta-dhe-cilesi-optimale-te-rrushit\/\" target=\"_blank\"><\/a>\r\n\t\t\t\t\t\t\t<\/div>\r\n\r\n\t\t\t\t\t\t\t\t\t\t\t\t\t\t\t\t\t\t<\/div>\r\n\t\t\t\t\t\t\t\t\t\t\t\t<div class=\"premium-blog-content-wrapper \">\r\n\r\n\t\t\t\t\t<div class=\"premium-blog-inner-container\">\r\n\r\n\t\t\t\t\t\t\t\t\t\t\t\t\t\t<h2 class=\"premium-blog-entry-title\">\r\n\t\t\t<a href=\"https:\/\/blog.hannaservice.eu\/al\/pergatitja-e-njehsorit-tuaj-te-ph-per-vjeljen-e-rrushit-praktikat-me-te-mira-per-matje-te-sakta-dhe-cilesi-optimale-te-rrushit\/\" target=\"_blank\">\r\n\t\t\t\tP\u00ebrgatitja e njehsorit tuaj t\u00eb pH p\u00ebr vjeljen e rrushit: praktikat m\u00eb t\u00eb mira p\u00ebr matje t\u00eb sakta dhe cil\u00ebsi optimale t\u00eb rrushit\t\t\t<\/a>\r\n\t\t<\/h2>\r\n\t\t\t\t<div class=\"premium-blog-entry-meta\">\r\n\t\t\t\t\t\t\t<div class=\"premium-blog-post-author premium-blog-meta-data\">\r\n\t\t\t\t\t<i class=\"fa fa-user fa-fw\" aria-hidden=\"true\"><\/i>\r\n\t\t\t\t\t<a href=\"https:\/\/blog.hannaservice.eu\/al\/author\/officealbania\/\" title=\"Posts by Office Albania\" rel=\"author\">Office Albania<\/a>\t\t\t\t<\/div>\r\n\t\t\t\r\n\t\t\t\r\n\t\t\t\t\t\t\t<span class=\"premium-blog-meta-separator\">\u2022<\/span>\r\n\t\t\t\t<div class=\"premium-blog-post-categories premium-blog-meta-data\">\r\n\t\t\t\t\t<i class=\"fa fa-align-left fa-fw\" aria-hidden=\"true\"><\/i>\r\n\t\t\t\t\t<a href=\"https:\/\/blog.hannaservice.eu\/al\/kategori\/pije\/\" rel=\"category tag\">Pije<\/a>\t\t\t\t<\/div>\r\n\t\t\t\r\n\t\t\t\t\t<\/div>\r\n\t\t\r\n\t\t\t\t\t<\/div>\r\n\r\n\t\t\t\t\t\t\t<div class=\"premium-blog-content-inner-wrapper\">\r\n\t\t<p class=\"premium-blog-post-content\">Ky artikull do t&#8217;ju udh\u00ebheq\u00eb n\u00eb procesin e p\u00ebrgatitjes s\u00eb mat\u00ebsit tuaj t\u00eb pH p\u00ebr [&hellip;]<\/p>\t\t<\/div>\r\n\t\t\t\t\t\t\t\r\n\t\t\t\t<\/div>\r\n\t\t\t<\/div>\r\n\t\t<\/div>\r\n\r\n\t\t\t\t\t\t\t<\/div>\r\n\r\n\t\t\t\t\t<div class=\"premium-blog-footer\">\r\n\t\t\t\t\t\t\t<nav class=\"premium-blog-pagination-container\" role=\"navigation\" aria-label=\"Pagination\">\r\n\t\t\t\t<span aria-current=\"page\" class=\"page-numbers current\">1<\/span>\n<a class=\"page-numbers\" href=\"https:\/\/blog.hannaservice.eu\/al\/wp-json\/wp\/v2\/pages\/191210\/page\/2\/\">2<\/a>\n<a class=\"page-numbers\" href=\"https:\/\/blog.hannaservice.eu\/al\/wp-json\/wp\/v2\/pages\/191210\/page\/3\/\">3<\/a>\n<span class=\"page-numbers dots\">&hellip;<\/span>\n<a class=\"page-numbers\" href=\"https:\/\/blog.hannaservice.eu\/al\/wp-json\/wp\/v2\/pages\/191210\/page\/46\/\">46<\/a>\n<a class=\"next page-numbers\" href=\"https:\/\/blog.hannaservice.eu\/al\/wp-json\/wp\/v2\/pages\/191210\/page\/2\/\">Tjetra \u00bb<\/a>\t\t\t<\/nav>\r\n\t\t\t\t\t\t<\/div>\r\n\t\t\r\n\t\t\r\n\t\t\t\t\t\t<\/div>\n\t\t\t\t\t<\/div>\n\t\t<\/div>\n\t\t\t\t\t<\/div>\n\t\t<\/section>\n\t\t\t\t<\/div>\n\t\t","protected":false},"excerpt":{"rendered":"<p>Imazhet kryesore Moisture content determination in gasoline Milan Petrovi\u0107 \u2022 Industry Gasoline, naphtha or benzine, [&hellip;]<\/p>\n","protected":false},"author":14,"featured_media":0,"parent":0,"menu_order":0,"comment_status":"closed","ping_status":"closed","template":"elementor_header_footer","meta":{"site-sidebar-layout":"right-sidebar","site-content-layout":"page-builder","ast-site-content-layout":"default","site-content-style":"default","site-sidebar-style":"default","ast-global-header-display":"","ast-banner-title-visibility":"","ast-main-header-display":"","ast-hfb-above-header-display":"","ast-hfb-below-header-display":"","ast-hfb-mobile-header-display":"","site-post-title":"disabled","ast-breadcrumbs-content":"","ast-featured-img":"disabled","footer-sml-layout":"","ast-disable-related-posts":"","theme-transparent-header-meta":"default","adv-header-id-meta":"","stick-header-meta":"","header-above-stick-meta":"","header-main-stick-meta":"","header-below-stick-meta":"","astra-migrate-meta-layouts":"default","ast-page-background-enabled":"default","ast-page-background-meta":{"desktop":{"background-color":"","background-image":"","background-repeat":"repeat","background-position":"center center","background-size":"auto","background-attachment":"scroll","background-type":"","background-media":"","overlay-type":"","overlay-color":"","overlay-opacity":"","overlay-gradient":""},"tablet":{"background-color":"","background-image":"","background-repeat":"repeat","background-position":"center center","background-size":"auto","background-attachment":"scroll","background-type":"","background-media":"","overlay-type":"","overlay-color":"","overlay-opacity":"","overlay-gradient":""},"mobile":{"background-color":"","background-image":"","background-repeat":"repeat","background-position":"center center","background-size":"auto","background-attachment":"scroll","background-type":"","background-media":"","overlay-type":"","overlay-color":"","overlay-opacity":"","overlay-gradient":""}},"ast-content-background-meta":{"desktop":{"background-color":"var(--ast-global-color-5)","background-image":"","background-repeat":"repeat","background-position":"center center","background-size":"auto","background-attachment":"scroll","background-type":"","background-media":"","overlay-type":"","overlay-color":"","overlay-opacity":"","overlay-gradient":""},"tablet":{"background-color":"var(--ast-global-color-5)","background-image":"","background-repeat":"repeat","background-position":"center center","background-size":"auto","background-attachment":"scroll","background-type":"","background-media":"","overlay-type":"","overlay-color":"","overlay-opacity":"","overlay-gradient":""},"mobile":{"background-color":"var(--ast-global-color-5)","background-image":"","background-repeat":"repeat","background-position":"center center","background-size":"auto","background-attachment":"scroll","background-type":"","background-media":"","overlay-type":"","overlay-color":"","overlay-opacity":"","overlay-gradient":""}},"footnotes":""},"class_list":["post-191210","page","type-page","status-publish","hentry"],"yoast_head":"<!-- This site is optimized with the Yoast SEO plugin v27.2 - https:\/\/yoast.com\/product\/yoast-seo-wordpress\/ -->\n<title>Blogu - Hanna Instruments Albania<\/title>\n<meta name=\"robots\" content=\"index, follow, max-snippet:-1, max-image-preview:large, max-video-preview:-1\" \/>\n<link rel=\"canonical\" href=\"https:\/\/blog.hannaservice.eu\/al\/blogu\/\" \/>\n<meta property=\"og:locale\" content=\"en_US\" \/>\n<meta property=\"og:type\" content=\"article\" \/>\n<meta property=\"og:title\" content=\"Blogu - Hanna Instruments Albania\" \/>\n<meta property=\"og:description\" content=\"Imazhet kryesore Moisture content determination in gasoline Milan Petrovi\u0107 \u2022 Industry Gasoline, naphtha or benzine, [&hellip;]\" \/>\n<meta property=\"og:url\" content=\"https:\/\/blog.hannaservice.eu\/al\/blogu\/\" \/>\n<meta property=\"og:site_name\" content=\"Hanna Instruments Albania\" \/>\n<meta property=\"article:modified_time\" content=\"2022-10-19T07:51:44+00:00\" \/>\n<meta property=\"og:image\" content=\"https:\/\/blog.hannaservice.eu\/wp-content\/uploads\/2022\/10\/Cover-1920x1220-7.jpg\" \/>\n<meta name=\"twitter:card\" content=\"summary_large_image\" \/>\n<meta name=\"twitter:label1\" content=\"Est. reading time\" \/>\n\t<meta name=\"twitter:data1\" content=\"1 minute\" \/>\n<script type=\"application\/ld+json\" class=\"yoast-schema-graph\">{\"@context\":\"https:\/\/schema.org\",\"@graph\":[{\"@type\":\"WebPage\",\"@id\":\"https:\/\/blog.hannaservice.eu\/al\/blogu\/\",\"url\":\"https:\/\/blog.hannaservice.eu\/al\/blogu\/\",\"name\":\"Blogu - Hanna Instruments Albania\",\"isPartOf\":{\"@id\":\"https:\/\/blog.hannaservice.eu\/al\/#website\"},\"primaryImageOfPage\":{\"@id\":\"https:\/\/blog.hannaservice.eu\/al\/blogu\/#primaryimage\"},\"image\":{\"@id\":\"https:\/\/blog.hannaservice.eu\/al\/blogu\/#primaryimage\"},\"thumbnailUrl\":\"https:\/\/blog.hannaservice.eu\/wp-content\/uploads\/2022\/10\/Cover-1920x1220-7.jpg\",\"datePublished\":\"2021-01-29T08:11:30+00:00\",\"dateModified\":\"2022-10-19T07:51:44+00:00\",\"breadcrumb\":{\"@id\":\"https:\/\/blog.hannaservice.eu\/al\/blogu\/#breadcrumb\"},\"inLanguage\":\"al-AL\",\"potentialAction\":[{\"@type\":\"ReadAction\",\"target\":[\"https:\/\/blog.hannaservice.eu\/al\/blogu\/\"]}]},{\"@type\":\"ImageObject\",\"inLanguage\":\"al-AL\",\"@id\":\"https:\/\/blog.hannaservice.eu\/al\/blogu\/#primaryimage\",\"url\":\"https:\/\/blog.hannaservice.eu\/wp-content\/uploads\/2022\/10\/Cover-1920x1220-7.jpg\",\"contentUrl\":\"https:\/\/blog.hannaservice.eu\/wp-content\/uploads\/2022\/10\/Cover-1920x1220-7.jpg\"},{\"@type\":\"BreadcrumbList\",\"@id\":\"https:\/\/blog.hannaservice.eu\/al\/blogu\/#breadcrumb\",\"itemListElement\":[{\"@type\":\"ListItem\",\"position\":1,\"name\":\"Blog home\",\"item\":\"https:\/\/blog.hannaservice.eu\/al\/\"},{\"@type\":\"ListItem\",\"position\":2,\"name\":\"Blogu\"}]},{\"@type\":\"WebSite\",\"@id\":\"https:\/\/blog.hannaservice.eu\/al\/#website\",\"url\":\"https:\/\/blog.hannaservice.eu\/al\/\",\"name\":\"Hanna Instruments Africa\",\"description\":\"pH Metra, Fotometra, Titrues\",\"publisher\":{\"@id\":\"https:\/\/blog.hannaservice.eu\/al\/#organization\"},\"potentialAction\":[{\"@type\":\"SearchAction\",\"target\":{\"@type\":\"EntryPoint\",\"urlTemplate\":\"https:\/\/blog.hannaservice.eu\/al\/?s={search_term_string}\"},\"query-input\":{\"@type\":\"PropertyValueSpecification\",\"valueRequired\":true,\"valueName\":\"search_term_string\"}}],\"inLanguage\":\"al-AL\"},{\"@type\":\"Organization\",\"@id\":\"https:\/\/blog.hannaservice.eu\/al\/#organization\",\"name\":\"Hanna Instruments\",\"url\":\"https:\/\/blog.hannaservice.eu\/al\/\",\"logo\":{\"@type\":\"ImageObject\",\"inLanguage\":\"al-AL\",\"@id\":\"https:\/\/blog.hannaservice.eu\/al\/#\/schema\/logo\/image\/\",\"url\":\"https:\/\/blog.hannaservice.eu\/wp-content\/uploads\/2021\/01\/hs-logo.png\",\"contentUrl\":\"https:\/\/blog.hannaservice.eu\/wp-content\/uploads\/2021\/01\/hs-logo.png\",\"width\":733,\"height\":225,\"caption\":\"Hanna Instruments\"},\"image\":{\"@id\":\"https:\/\/blog.hannaservice.eu\/al\/#\/schema\/logo\/image\/\"}}]}<\/script>\n<!-- \/ Yoast SEO plugin. -->","yoast_head_json":{"title":"Blogu - Hanna Instruments Albania","robots":{"index":"index","follow":"follow","max-snippet":"max-snippet:-1","max-image-preview":"max-image-preview:large","max-video-preview":"max-video-preview:-1"},"canonical":"https:\/\/blog.hannaservice.eu\/al\/blogu\/","og_locale":"en_US","og_type":"article","og_title":"Blogu - Hanna Instruments Albania","og_description":"Imazhet kryesore Moisture content determination in gasoline Milan Petrovi\u0107 \u2022 Industry Gasoline, naphtha or benzine, [&hellip;]","og_url":"https:\/\/blog.hannaservice.eu\/al\/blogu\/","og_site_name":"Hanna Instruments Albania","article_modified_time":"2022-10-19T07:51:44+00:00","og_image":[{"url":"https:\/\/blog.hannaservice.eu\/wp-content\/uploads\/2022\/10\/Cover-1920x1220-7.jpg","type":"","width":"","height":""}],"twitter_card":"summary_large_image","twitter_misc":{"Est. reading time":"1 minute"},"schema":{"@context":"https:\/\/schema.org","@graph":[{"@type":"WebPage","@id":"https:\/\/blog.hannaservice.eu\/al\/blogu\/","url":"https:\/\/blog.hannaservice.eu\/al\/blogu\/","name":"Blogu - Hanna Instruments Albania","isPartOf":{"@id":"https:\/\/blog.hannaservice.eu\/al\/#website"},"primaryImageOfPage":{"@id":"https:\/\/blog.hannaservice.eu\/al\/blogu\/#primaryimage"},"image":{"@id":"https:\/\/blog.hannaservice.eu\/al\/blogu\/#primaryimage"},"thumbnailUrl":"https:\/\/blog.hannaservice.eu\/wp-content\/uploads\/2022\/10\/Cover-1920x1220-7.jpg","datePublished":"2021-01-29T08:11:30+00:00","dateModified":"2022-10-19T07:51:44+00:00","breadcrumb":{"@id":"https:\/\/blog.hannaservice.eu\/al\/blogu\/#breadcrumb"},"inLanguage":"al-AL","potentialAction":[{"@type":"ReadAction","target":["https:\/\/blog.hannaservice.eu\/al\/blogu\/"]}]},{"@type":"ImageObject","inLanguage":"al-AL","@id":"https:\/\/blog.hannaservice.eu\/al\/blogu\/#primaryimage","url":"https:\/\/blog.hannaservice.eu\/wp-content\/uploads\/2022\/10\/Cover-1920x1220-7.jpg","contentUrl":"https:\/\/blog.hannaservice.eu\/wp-content\/uploads\/2022\/10\/Cover-1920x1220-7.jpg"},{"@type":"BreadcrumbList","@id":"https:\/\/blog.hannaservice.eu\/al\/blogu\/#breadcrumb","itemListElement":[{"@type":"ListItem","position":1,"name":"Blog home","item":"https:\/\/blog.hannaservice.eu\/al\/"},{"@type":"ListItem","position":2,"name":"Blogu"}]},{"@type":"WebSite","@id":"https:\/\/blog.hannaservice.eu\/al\/#website","url":"https:\/\/blog.hannaservice.eu\/al\/","name":"Hanna Instruments Africa","description":"pH Metra, Fotometra, Titrues","publisher":{"@id":"https:\/\/blog.hannaservice.eu\/al\/#organization"},"potentialAction":[{"@type":"SearchAction","target":{"@type":"EntryPoint","urlTemplate":"https:\/\/blog.hannaservice.eu\/al\/?s={search_term_string}"},"query-input":{"@type":"PropertyValueSpecification","valueRequired":true,"valueName":"search_term_string"}}],"inLanguage":"al-AL"},{"@type":"Organization","@id":"https:\/\/blog.hannaservice.eu\/al\/#organization","name":"Hanna Instruments","url":"https:\/\/blog.hannaservice.eu\/al\/","logo":{"@type":"ImageObject","inLanguage":"al-AL","@id":"https:\/\/blog.hannaservice.eu\/al\/#\/schema\/logo\/image\/","url":"https:\/\/blog.hannaservice.eu\/wp-content\/uploads\/2021\/01\/hs-logo.png","contentUrl":"https:\/\/blog.hannaservice.eu\/wp-content\/uploads\/2021\/01\/hs-logo.png","width":733,"height":225,"caption":"Hanna Instruments"},"image":{"@id":"https:\/\/blog.hannaservice.eu\/al\/#\/schema\/logo\/image\/"}}]}},"_links":{"self":[{"href":"https:\/\/blog.hannaservice.eu\/al\/wp-json\/wp\/v2\/pages\/191210","targetHints":{"allow":["GET"]}}],"collection":[{"href":"https:\/\/blog.hannaservice.eu\/al\/wp-json\/wp\/v2\/pages"}],"about":[{"href":"https:\/\/blog.hannaservice.eu\/al\/wp-json\/wp\/v2\/types\/page"}],"author":[{"embeddable":true,"href":"https:\/\/blog.hannaservice.eu\/al\/wp-json\/wp\/v2\/users\/14"}],"replies":[{"embeddable":true,"href":"https:\/\/blog.hannaservice.eu\/al\/wp-json\/wp\/v2\/comments?post=191210"}],"version-history":[{"count":1,"href":"https:\/\/blog.hannaservice.eu\/al\/wp-json\/wp\/v2\/pages\/191210\/revisions"}],"predecessor-version":[{"id":191212,"href":"https:\/\/blog.hannaservice.eu\/al\/wp-json\/wp\/v2\/pages\/191210\/revisions\/191212"}],"wp:attachment":[{"href":"https:\/\/blog.hannaservice.eu\/al\/wp-json\/wp\/v2\/media?parent=191210"}],"curies":[{"name":"wp","href":"https:\/\/api.w.org\/{rel}","templated":true}]}}