{"id":225116,"date":"2026-02-06T19:53:14","date_gmt":"2026-02-06T19:53:14","guid":{"rendered":"https:\/\/blog.hannaservice.eu\/uvidi\/serija-hi2600-stoni-meraci-za-ph-ec-i-do\/"},"modified":"2026-02-25T11:18:35","modified_gmt":"2026-02-25T11:18:35","slug":"serija-hi2600-stoni-meraci-za-ph-ec-i-do","status":"publish","type":"page","link":"https:\/\/blog.hannaservice.eu\/sr\/uvidi\/serija-hi2600-stoni-meraci-za-ph-ec-i-do\/","title":{"rendered":"Serija HI2600 \u2013 Stoni mera\u010di za pH, EC i DO"},"content":{"rendered":{},"protected":false},"excerpt":{"rendered":"<p>Serija HI2600 Stoni mera\u010di za pH, EC i DO Serija HI2600 dizajnirana je za naj\u010de\u0161\u0107a [&hellip;]<\/p>\n","protected":false},"author":19,"featured_media":0,"parent":221962,"menu_order":0,"comment_status":"closed","ping_status":"closed","template":"elementor_header_footer","meta":{"site-sidebar-layout":"no-sidebar","site-content-layout":"page-builder","ast-site-content-layout":"full-width-container","site-content-style":"unboxed","site-sidebar-style":"unboxed","ast-global-header-display":"","ast-banner-title-visibility":"","ast-main-header-display":"","ast-hfb-above-header-display":"","ast-hfb-below-header-display":"","ast-hfb-mobile-header-display":"","site-post-title":"disabled","ast-breadcrumbs-content":"","ast-featured-img":"disabled","footer-sml-layout":"","ast-disable-related-posts":"","theme-transparent-header-meta":"default","adv-header-id-meta":"","stick-header-meta":"","header-above-stick-meta":"","header-main-stick-meta":"","header-below-stick-meta":"","astra-migrate-meta-layouts":"default","ast-page-background-enabled":"default","ast-page-background-meta":{"desktop":{"background-color":"","background-image":"","background-repeat":"repeat","background-position":"center center","background-size":"auto","background-attachment":"scroll","background-type":"","background-media":"","overlay-type":"","overlay-color":"","overlay-opacity":"","overlay-gradient":""},"tablet":{"background-color":"","background-image":"","background-repeat":"repeat","background-position":"center center","background-size":"auto","background-attachment":"scroll","background-type":"","background-media":"","overlay-type":"","overlay-color":"","overlay-opacity":"","overlay-gradient":""},"mobile":{"background-color":"","background-image":"","background-repeat":"repeat","background-position":"center center","background-size":"auto","background-attachment":"scroll","background-type":"","background-media":"","overlay-type":"","overlay-color":"","overlay-opacity":"","overlay-gradient":""}},"ast-content-background-meta":{"desktop":{"background-color":"var(--ast-global-color-5)","background-image":"","background-repeat":"repeat","background-position":"center center","background-size":"auto","background-attachment":"scroll","background-type":"","background-media":"","overlay-type":"","overlay-color":"","overlay-opacity":"","overlay-gradient":""},"tablet":{"background-color":"var(--ast-global-color-5)","background-image":"","background-repeat":"repeat","background-position":"center center","background-size":"auto","background-attachment":"scroll","background-type":"","background-media":"","overlay-type":"","overlay-color":"","overlay-opacity":"","overlay-gradient":""},"mobile":{"background-color":"var(--ast-global-color-5)","background-image":"","background-repeat":"repeat","background-position":"center center","background-size":"auto","background-attachment":"scroll","background-type":"","background-media":"","overlay-type":"","overlay-color":"","overlay-opacity":"","overlay-gradient":""}},"footnotes":""},"class_list":["post-225116","page","type-page","status-publish","hentry"],"yoast_head":"<!-- This site is optimized with the Yoast SEO plugin v27.2 - https:\/\/yoast.com\/product\/yoast-seo-wordpress\/ -->\n<title>Serija HI2600 \u2013 Stoni mera\u010di za pH, EC i DO - Hanna Instruments Srbja<\/title>\n<meta name=\"robots\" content=\"index, follow, max-snippet:-1, max-image-preview:large, max-video-preview:-1\" \/>\n<link rel=\"canonical\" href=\"https:\/\/blog.hannaservice.eu\/sr\/uvidi\/serija-hi2600-stoni-meraci-za-ph-ec-i-do\/\" \/>\n<meta property=\"og:locale\" content=\"sr_RS\" \/>\n<meta property=\"og:type\" content=\"article\" \/>\n<meta property=\"og:title\" content=\"Serija HI2600 \u2013 Stoni mera\u010di za pH, EC i DO - Hanna Instruments Srbja\" \/>\n<meta property=\"og:description\" content=\"Serija HI2600 Stoni mera\u010di za pH, EC i DO Serija HI2600 dizajnirana je za naj\u010de\u0161\u0107a [&hellip;]\" \/>\n<meta property=\"og:url\" content=\"https:\/\/blog.hannaservice.eu\/sr\/uvidi\/serija-hi2600-stoni-meraci-za-ph-ec-i-do\/\" \/>\n<meta property=\"og:site_name\" content=\"Hanna Instruments Srbja\" \/>\n<meta property=\"article:modified_time\" content=\"2026-02-25T11:18:35+00:00\" \/>\n<meta property=\"og:image\" content=\"https:\/\/blog.hannaservice.eu\/wp-content\/uploads\/elementor\/thumbs\/HI2600-Banner_Newsletter-ric79lz5bhmb5imkfmqn1knmv180j7mueqnkbmrd68.jpg\" \/>\n<meta name=\"twitter:card\" content=\"summary_large_image\" \/>\n<meta name=\"twitter:label1\" content=\"Procenjeno vreme \u010ditanja\" \/>\n\t<meta name=\"twitter:data1\" content=\"2 minuta\" \/>\n<script type=\"application\/ld+json\" class=\"yoast-schema-graph\">{\"@context\":\"https:\/\/schema.org\",\"@graph\":[{\"@type\":\"WebPage\",\"@id\":\"https:\/\/blog.hannaservice.eu\/sr\/uvidi\/serija-hi2600-stoni-meraci-za-ph-ec-i-do\/\",\"url\":\"https:\/\/blog.hannaservice.eu\/sr\/uvidi\/serija-hi2600-stoni-meraci-za-ph-ec-i-do\/\",\"name\":\"Serija HI2600 \u2013 Stoni mera\u010di za pH, EC i DO - Hanna Instruments Srbja\",\"isPartOf\":{\"@id\":\"https:\/\/blog.hannaservice.eu\/sr\/#website\"},\"primaryImageOfPage\":{\"@id\":\"https:\/\/blog.hannaservice.eu\/sr\/uvidi\/serija-hi2600-stoni-meraci-za-ph-ec-i-do\/#primaryimage\"},\"image\":{\"@id\":\"https:\/\/blog.hannaservice.eu\/sr\/uvidi\/serija-hi2600-stoni-meraci-za-ph-ec-i-do\/#primaryimage\"},\"thumbnailUrl\":\"https:\/\/blog.hannaservice.eu\/wp-content\/uploads\/elementor\/thumbs\/HI2600-Banner_Newsletter-ric79lz5bhmb5imkfmqn1knmv180j7mueqnkbmrd68.jpg\",\"datePublished\":\"2026-02-06T19:53:14+00:00\",\"dateModified\":\"2026-02-25T11:18:35+00:00\",\"breadcrumb\":{\"@id\":\"https:\/\/blog.hannaservice.eu\/sr\/uvidi\/serija-hi2600-stoni-meraci-za-ph-ec-i-do\/#breadcrumb\"},\"inLanguage\":\"sr-RS\",\"potentialAction\":[{\"@type\":\"ReadAction\",\"target\":[\"https:\/\/blog.hannaservice.eu\/sr\/uvidi\/serija-hi2600-stoni-meraci-za-ph-ec-i-do\/\"]}]},{\"@type\":\"ImageObject\",\"inLanguage\":\"sr-RS\",\"@id\":\"https:\/\/blog.hannaservice.eu\/sr\/uvidi\/serija-hi2600-stoni-meraci-za-ph-ec-i-do\/#primaryimage\",\"url\":\"https:\/\/blog.hannaservice.eu\/wp-content\/uploads\/elementor\/thumbs\/HI2600-Banner_Newsletter-ric79lz5bhmb5imkfmqn1knmv180j7mueqnkbmrd68.jpg\",\"contentUrl\":\"https:\/\/blog.hannaservice.eu\/wp-content\/uploads\/elementor\/thumbs\/HI2600-Banner_Newsletter-ric79lz5bhmb5imkfmqn1knmv180j7mueqnkbmrd68.jpg\"},{\"@type\":\"BreadcrumbList\",\"@id\":\"https:\/\/blog.hannaservice.eu\/sr\/uvidi\/serija-hi2600-stoni-meraci-za-ph-ec-i-do\/#breadcrumb\",\"itemListElement\":[{\"@type\":\"ListItem\",\"position\":1,\"name\":\"Blog home\",\"item\":\"https:\/\/blog.hannaservice.eu\/sr\/\"},{\"@type\":\"ListItem\",\"position\":2,\"name\":\"Uvidi\",\"item\":\"https:\/\/blog.hannaservice.eu\/sr\/uvidi\/\"},{\"@type\":\"ListItem\",\"position\":3,\"name\":\"Serija HI2600 \u2013 Stoni mera\u010di za pH, EC i DO\"}]},{\"@type\":\"WebSite\",\"@id\":\"https:\/\/blog.hannaservice.eu\/sr\/#website\",\"url\":\"https:\/\/blog.hannaservice.eu\/sr\/\",\"name\":\"Hanna Instruments Africa\",\"description\":\"pH Meters, Photometers, Titrators\",\"publisher\":{\"@id\":\"https:\/\/blog.hannaservice.eu\/sr\/#organization\"},\"potentialAction\":[{\"@type\":\"SearchAction\",\"target\":{\"@type\":\"EntryPoint\",\"urlTemplate\":\"https:\/\/blog.hannaservice.eu\/sr\/?s={search_term_string}\"},\"query-input\":{\"@type\":\"PropertyValueSpecification\",\"valueRequired\":true,\"valueName\":\"search_term_string\"}}],\"inLanguage\":\"sr-RS\"},{\"@type\":\"Organization\",\"@id\":\"https:\/\/blog.hannaservice.eu\/sr\/#organization\",\"name\":\"Hanna Instruments\",\"url\":\"https:\/\/blog.hannaservice.eu\/sr\/\",\"logo\":{\"@type\":\"ImageObject\",\"inLanguage\":\"sr-RS\",\"@id\":\"https:\/\/blog.hannaservice.eu\/sr\/#\/schema\/logo\/image\/\",\"url\":\"https:\/\/blog.hannaservice.eu\/wp-content\/uploads\/2021\/01\/hs-logo.png\",\"contentUrl\":\"https:\/\/blog.hannaservice.eu\/wp-content\/uploads\/2021\/01\/hs-logo.png\",\"width\":733,\"height\":225,\"caption\":\"Hanna Instruments\"},\"image\":{\"@id\":\"https:\/\/blog.hannaservice.eu\/sr\/#\/schema\/logo\/image\/\"}}]}<\/script>\n<!-- \/ Yoast SEO plugin. -->","yoast_head_json":{"title":"Serija HI2600 \u2013 Stoni mera\u010di za pH, EC i DO - Hanna Instruments Srbja","robots":{"index":"index","follow":"follow","max-snippet":"max-snippet:-1","max-image-preview":"max-image-preview:large","max-video-preview":"max-video-preview:-1"},"canonical":"https:\/\/blog.hannaservice.eu\/sr\/uvidi\/serija-hi2600-stoni-meraci-za-ph-ec-i-do\/","og_locale":"sr_RS","og_type":"article","og_title":"Serija HI2600 \u2013 Stoni mera\u010di za pH, EC i DO - Hanna Instruments Srbja","og_description":"Serija HI2600 Stoni mera\u010di za pH, EC i DO Serija HI2600 dizajnirana je za naj\u010de\u0161\u0107a [&hellip;]","og_url":"https:\/\/blog.hannaservice.eu\/sr\/uvidi\/serija-hi2600-stoni-meraci-za-ph-ec-i-do\/","og_site_name":"Hanna Instruments Srbja","article_modified_time":"2026-02-25T11:18:35+00:00","og_image":[{"url":"https:\/\/blog.hannaservice.eu\/wp-content\/uploads\/elementor\/thumbs\/HI2600-Banner_Newsletter-ric79lz5bhmb5imkfmqn1knmv180j7mueqnkbmrd68.jpg","type":"","width":"","height":""}],"twitter_card":"summary_large_image","twitter_misc":{"Procenjeno vreme \u010ditanja":"2 minuta"},"schema":{"@context":"https:\/\/schema.org","@graph":[{"@type":"WebPage","@id":"https:\/\/blog.hannaservice.eu\/sr\/uvidi\/serija-hi2600-stoni-meraci-za-ph-ec-i-do\/","url":"https:\/\/blog.hannaservice.eu\/sr\/uvidi\/serija-hi2600-stoni-meraci-za-ph-ec-i-do\/","name":"Serija HI2600 \u2013 Stoni mera\u010di za pH, EC i DO - Hanna Instruments Srbja","isPartOf":{"@id":"https:\/\/blog.hannaservice.eu\/sr\/#website"},"primaryImageOfPage":{"@id":"https:\/\/blog.hannaservice.eu\/sr\/uvidi\/serija-hi2600-stoni-meraci-za-ph-ec-i-do\/#primaryimage"},"image":{"@id":"https:\/\/blog.hannaservice.eu\/sr\/uvidi\/serija-hi2600-stoni-meraci-za-ph-ec-i-do\/#primaryimage"},"thumbnailUrl":"https:\/\/blog.hannaservice.eu\/wp-content\/uploads\/elementor\/thumbs\/HI2600-Banner_Newsletter-ric79lz5bhmb5imkfmqn1knmv180j7mueqnkbmrd68.jpg","datePublished":"2026-02-06T19:53:14+00:00","dateModified":"2026-02-25T11:18:35+00:00","breadcrumb":{"@id":"https:\/\/blog.hannaservice.eu\/sr\/uvidi\/serija-hi2600-stoni-meraci-za-ph-ec-i-do\/#breadcrumb"},"inLanguage":"sr-RS","potentialAction":[{"@type":"ReadAction","target":["https:\/\/blog.hannaservice.eu\/sr\/uvidi\/serija-hi2600-stoni-meraci-za-ph-ec-i-do\/"]}]},{"@type":"ImageObject","inLanguage":"sr-RS","@id":"https:\/\/blog.hannaservice.eu\/sr\/uvidi\/serija-hi2600-stoni-meraci-za-ph-ec-i-do\/#primaryimage","url":"https:\/\/blog.hannaservice.eu\/wp-content\/uploads\/elementor\/thumbs\/HI2600-Banner_Newsletter-ric79lz5bhmb5imkfmqn1knmv180j7mueqnkbmrd68.jpg","contentUrl":"https:\/\/blog.hannaservice.eu\/wp-content\/uploads\/elementor\/thumbs\/HI2600-Banner_Newsletter-ric79lz5bhmb5imkfmqn1knmv180j7mueqnkbmrd68.jpg"},{"@type":"BreadcrumbList","@id":"https:\/\/blog.hannaservice.eu\/sr\/uvidi\/serija-hi2600-stoni-meraci-za-ph-ec-i-do\/#breadcrumb","itemListElement":[{"@type":"ListItem","position":1,"name":"Blog home","item":"https:\/\/blog.hannaservice.eu\/sr\/"},{"@type":"ListItem","position":2,"name":"Uvidi","item":"https:\/\/blog.hannaservice.eu\/sr\/uvidi\/"},{"@type":"ListItem","position":3,"name":"Serija HI2600 \u2013 Stoni mera\u010di za pH, EC i DO"}]},{"@type":"WebSite","@id":"https:\/\/blog.hannaservice.eu\/sr\/#website","url":"https:\/\/blog.hannaservice.eu\/sr\/","name":"Hanna Instruments Africa","description":"pH Meters, Photometers, Titrators","publisher":{"@id":"https:\/\/blog.hannaservice.eu\/sr\/#organization"},"potentialAction":[{"@type":"SearchAction","target":{"@type":"EntryPoint","urlTemplate":"https:\/\/blog.hannaservice.eu\/sr\/?s={search_term_string}"},"query-input":{"@type":"PropertyValueSpecification","valueRequired":true,"valueName":"search_term_string"}}],"inLanguage":"sr-RS"},{"@type":"Organization","@id":"https:\/\/blog.hannaservice.eu\/sr\/#organization","name":"Hanna Instruments","url":"https:\/\/blog.hannaservice.eu\/sr\/","logo":{"@type":"ImageObject","inLanguage":"sr-RS","@id":"https:\/\/blog.hannaservice.eu\/sr\/#\/schema\/logo\/image\/","url":"https:\/\/blog.hannaservice.eu\/wp-content\/uploads\/2021\/01\/hs-logo.png","contentUrl":"https:\/\/blog.hannaservice.eu\/wp-content\/uploads\/2021\/01\/hs-logo.png","width":733,"height":225,"caption":"Hanna Instruments"},"image":{"@id":"https:\/\/blog.hannaservice.eu\/sr\/#\/schema\/logo\/image\/"}}]}},"_links":{"self":[{"href":"https:\/\/blog.hannaservice.eu\/sr\/wp-json\/wp\/v2\/pages\/225116","targetHints":{"allow":["GET"]}}],"collection":[{"href":"https:\/\/blog.hannaservice.eu\/sr\/wp-json\/wp\/v2\/pages"}],"about":[{"href":"https:\/\/blog.hannaservice.eu\/sr\/wp-json\/wp\/v2\/types\/page"}],"author":[{"embeddable":true,"href":"https:\/\/blog.hannaservice.eu\/sr\/wp-json\/wp\/v2\/users\/19"}],"replies":[{"embeddable":true,"href":"https:\/\/blog.hannaservice.eu\/sr\/wp-json\/wp\/v2\/comments?post=225116"}],"version-history":[{"count":10,"href":"https:\/\/blog.hannaservice.eu\/sr\/wp-json\/wp\/v2\/pages\/225116\/revisions"}],"predecessor-version":[{"id":225216,"href":"https:\/\/blog.hannaservice.eu\/sr\/wp-json\/wp\/v2\/pages\/225116\/revisions\/225216"}],"up":[{"embeddable":true,"href":"https:\/\/blog.hannaservice.eu\/sr\/wp-json\/wp\/v2\/pages\/221962"}],"wp:attachment":[{"href":"https:\/\/blog.hannaservice.eu\/sr\/wp-json\/wp\/v2\/media?parent=225116"}],"curies":[{"name":"wp","href":"https:\/\/api.w.org\/{rel}","templated":true}]}}